{"id":4927,"date":"2019-07-02T09:30:09","date_gmt":"2019-07-02T07:30:09","guid":{"rendered":"http:\/\/easybalkans.com\/it\/?page_id=4927"},"modified":"2019-10-28T09:52:55","modified_gmt":"2019-10-28T08:52:55","slug":"dove-conviene-aprire-una-societa-in-europa-costi-di-costituzione-e-contabilita","status":"publish","type":"page","link":"https:\/\/www.easybalkans.com\/it\/dove-conviene-aprire-una-societa-in-europa-costi-di-costituzione-e-contabilita\/","title":{"rendered":"Dove conviene aprire una societ\u00e0 in europa e perch\u00e8"},"content":{"rendered":"<div class=\"fusion-fullwidth fullwidth-box fusion-builder-row-1 nonhundred-percent-fullwidth non-hundred-percent-height-scrolling\" style=\"--awb-border-radius-top-left:0px;--awb-border-radius-top-right:0px;--awb-border-radius-bottom-right:0px;--awb-border-radius-bottom-left:0px;--awb-flex-wrap:wrap;\" ><div class=\"fusion-builder-row fusion-row\"><div class=\"fusion-layout-column fusion_builder_column fusion-builder-column-0 fusion_builder_column_1_1 1_1 fusion-one-full fusion-column-first fusion-column-last\" style=\"--awb-bg-size:cover;--awb-margin-bottom:0px;\"><div class=\"fusion-column-wrapper fusion-flex-column-wrapper-legacy\"><div class=\"fusion-text fusion-text-1\"><h3>Aprire una societ\u00e0 in europa dove conviene?<\/h3>\n<p>L\u2019Europa ha ancora molti Paesi limitrofi anche all\u2019Italia, ove la convenienza nell\u2019Investire, <strong>nell\u2019aprire societ\u00e0 estere<\/strong> ha ancora un senso e un vantaggio.<\/p>\n<p><img decoding=\"async\" class=\"lazyload wp-image-5596 aligncenter\" src=\"http:\/\/easybalkans.com\/it\/wp-content\/uploads\/2019\/10\/Est-Europa1.png\" data-orig-src=\"http:\/\/easybalkans.com\/it\/wp-content\/uploads\/2019\/10\/Est-Europa1.png\" alt=\"Aprire societ\u00e0 all'estero\" width=\"449\" height=\"455\" srcset=\"data:image\/svg+xml,%3Csvg%20xmlns%3D%27http%3A%2F%2Fwww.w3.org%2F2000%2Fsvg%27%20width%3D%27449%27%20height%3D%27455%27%20viewBox%3D%270%200%20449%20455%27%3E%3Crect%20width%3D%27449%27%20height%3D%27455%27%20fill-opacity%3D%220%22%2F%3E%3C%2Fsvg%3E\" data-srcset=\"https:\/\/www.easybalkans.com\/it\/wp-content\/uploads\/2019\/10\/Est-Europa1-66x66.png 66w, https:\/\/www.easybalkans.com\/it\/wp-content\/uploads\/2019\/10\/Est-Europa1-200x203.png 200w, https:\/\/www.easybalkans.com\/it\/wp-content\/uploads\/2019\/10\/Est-Europa1-296x300.png 296w, https:\/\/www.easybalkans.com\/it\/wp-content\/uploads\/2019\/10\/Est-Europa1-400x405.png 400w, https:\/\/www.easybalkans.com\/it\/wp-content\/uploads\/2019\/10\/Est-Europa1.png 582w\" data-sizes=\"auto\" data-orig-sizes=\"(max-width: 449px) 100vw, 449px\" \/><\/p>\n<p>Un senso perch\u00e9 comunque gli Stati designati sono in forte sviluppo, crescita e, le politiche economiche favoriscono questo forte sviluppo, al fine di pareggiare il divario con gli altri Paesi.<\/p>\n<p>Un vantaggio perch\u00e9 per attrarre gli investimenti, le <a href=\"http:\/\/easybalkans.com\/it\/servizi\/\"><strong>costituzioni di nuove societ\u00e0<\/strong><\/a>, <strong>l\u2019 apertura di sedi secondarie all\u2019estero<\/strong> che siano branch o succursali, devono porsi competitivi nei confronti degli altri Paesi, nella burocrazia, nell\u2019approccio con la tassazione, nei <strong>sistemi fiscali<\/strong>, rimanendo in <a href=\"https:\/\/europa.eu\/european-union\/index_it\" target=\"_blank\" rel=\"noopener noreferrer\"><strong>Unione Europea<\/strong><\/a> favorendo gli scambi agevolati dagli accordi internazionali.<\/p>\n<h3>Aprire una societ\u00e0 in europa dove conviene: nei <strong>Balcani<\/strong>. Perche?<\/h3>\n<h5>Tipologie societarie<\/h5>\n<p>Le tipologie societarie a parte le sigle sono al 90% somiglianti a quelle Italiane dalle Partite Iva Individuali, alle S.r.l., alle S.p.a.,<\/p>\n<p>Alcune situazioni come la Romania sono anche Anonime come in Svizzera.<\/p>\n<p>La costituzione societaria \u00e8 molto semplificata, sufficiente seguire le regole di base indicate dal Consulente e in tempi determinati dalle norme locali si costituiscono, si ottiene la partita iva, il\u00a0Vies per operazioni intracomunitarie e le licenze necessari o meno per svolgere l\u2019oggetto sociale della propria attivit\u00e0.<\/p>\n<h3>Costi di gestione e apertura sede secondaria all&#8217;estero<\/h3>\n<p>I costi della\u00a0<strong>costituzione apertura di una societ\u00e0 in Europa<\/strong>\u00a0o\u00a0<strong>dell\u2019apertura di una sede secondaria<\/strong>\u00a0che sia gestita come branch o succursale, hanno delle piccole variazioni tra Slovenia Serbia Romania per esempio, che \u00e8 determinato dal numero di societ\u00e0 che vengono costituite nei vari paesi e, dalle tassazioni locali. Certamente\u00a0<strong>Costi pi\u00f9 contenuti<\/strong>\u00a0di quelli Italiani.<\/p>\n<p>Anche i costi di gestione di una societ\u00e0 o di una <strong>sede secondaria<\/strong> sono ridotti grazie alle detassazioni, nonostante vi rapportate come per le Costituzioni con Professionisti Italiani con pi\u00f9 sedi all\u2019estero, e con costi elevati per mantenere strutture snelle e aggiornate, capaci di seguire sempre l\u2019imprenditore nelle sue esigenze.<\/p>\n<h3 style=\"text-align: left;\">Sistemi Fiscali<\/h3>\n<p><strong>I Sistemi Fiscali<\/strong> incentivano l\u2019investire in Romania Slovenia Serbia UK\u2026\u2026 dove le Flat Tax variano dal 1% al 19-20% sul reddito dell\u2019impresa e non possono che spingere l\u2019imprenditore a bilanciare il suo profitto globale con <strong>l\u2019apertura di una sede secondaria all\u2019estero<\/strong>.<\/p>\n<p>Considerare <strong>dove conviene aprire una societ\u00e0 in Europa<\/strong>, per nuovi stabilimenti, nella ricerca di nuovi mercati commerciali e di soddisfare le esigenze della propria Azienda.<\/p>\n<h3>Convenienze<\/h3>\n<p>Il tutto rafforzato con un costo lavoro inferiore nella sua globalit\u00e0, ma non per questo meno specializzato \u2026anzi. insistono dei settori oltre alla storica produzione tessile e meccanica, anche di precisione, settori legati all\u2019IT, alle nuove tecnologie digitali, ove questi paesi nati per ultimi hanno fatto passi da giganti!<\/p>\n<p>Altre convenienze sono la gestione dell\u2019esenzione dell\u2019IVA in campo UE e non, per determinati Import-Export e servizi, le <a href=\"https:\/\/it.wikipedia.org\/wiki\/Porto_franco_(economia)\" target=\"_blank\" rel=\"noopener noreferrer\"><strong>FreeZone<\/strong><\/a> che favoriscono rapporti con Paesi ove i Dazi sono diventati dei macigni e esse ne sono esonerate.<\/p>\n<p>Ciliegina sulla torta essendo in <strong>Europa<\/strong> la finanza agevolata proveniente dalla pianificazione dei <a href=\"https:\/\/europa.eu\/european-union\/about-eu\/funding-grants_it\" target=\"_blank\" rel=\"noopener noreferrer\"><strong>Fondi Europei<\/strong><\/a> parzialmente a fondo perduto che mirano nel tempo a pareggiare le disparit\u00e0 economiche tra i paesi emergenti e quelli <strong>dell\u2019Old Europe.<\/strong><\/p>\n<div class=\"fusion-title title fusion-title-6 fusion-sep-none fusion-title-size-two fusion-border-below-title\">\n<h3 class=\"title-heading-left\" data-inline-fontsize=\"true\" data-fontsize=\"28\" data-lineheight=\"30\">Dove investire all\u2019estero?<\/h3>\n<\/div>\n<\/div><div class=\"fusion-content-boxes content-boxes columns row fusion-columns-4 fusion-columns-total-4 fusion-content-boxes-1 content-boxes-icon-on-top content-left\" style=\"--awb-hover-accent-color:#820a0a;--awb-circle-hover-accent-color:#820a0a;\" data-animationOffset=\"top-into-view\"><div style=\"--awb-backgroundcolor:rgba(255,255,255,0);\" class=\"fusion-column content-box-column content-box-column content-box-column-1 col-lg-3 col-md-3 col-sm-3 fusion-content-box-hover content-box-column-first-in-row\"><div class=\"col content-box-wrapper content-wrapper link-area-link-icon link-type-text icon-hover-animation-fade\" data-animationOffset=\"top-into-view\"><div class=\"heading heading-with-icon icon-left\"><a class=\"heading-link\" href=\"http:\/\/easybalkans.com\/it\/perche-investire-in-serbia\/\" target=\"_self\"><div class=\"icon\"><i style=\"border-color:#333333;border-width:0px;background-color:#c11a2b;box-sizing:content-box;height:42px;width:42px;line-height:42px;border-radius:50%;font-size:21px;\" aria-hidden=\"true\" class=\"fontawesome-icon fa-external-link-alt fas circle-yes\"><\/i><\/div><h2 class=\"content-box-heading fusion-responsive-typography-calculated\" style=\"--h2_typography-font-size:26px;--fontSize:26;line-height:1.1;\">SERBIA<\/h2><\/a><\/div><\/div><\/div><div style=\"--awb-backgroundcolor:rgba(255,255,255,0);\" class=\"fusion-column content-box-column content-box-column content-box-column-2 col-lg-3 col-md-3 col-sm-3 fusion-content-box-hover \"><div class=\"col content-box-wrapper content-wrapper link-area-link-icon link-type-text icon-hover-animation-fade\" data-animationOffset=\"top-into-view\"><div class=\"heading heading-with-icon icon-left\"><a class=\"heading-link\" href=\"http:\/\/easybalkans.com\/it\/perche-investire-in-slovenia\/\" target=\"_self\"><div class=\"icon\"><i style=\"border-color:#333333;border-width:0px;background-color:#c11a2b;box-sizing:content-box;height:42px;width:42px;line-height:42px;border-radius:50%;font-size:21px;\" aria-hidden=\"true\" class=\"fontawesome-icon fa-external-link-alt fas circle-yes\"><\/i><\/div><h2 class=\"content-box-heading fusion-responsive-typography-calculated\" style=\"--h2_typography-font-size:26px;--fontSize:26;line-height:1.1;\">SLOVENIA<\/h2><\/a><\/div><\/div><\/div><div style=\"--awb-backgroundcolor:rgba(255,255,255,0);\" class=\"fusion-column content-box-column content-box-column content-box-column-3 col-lg-3 col-md-3 col-sm-3 fusion-content-box-hover \"><div class=\"col content-box-wrapper content-wrapper link-area-link-icon link-type-text icon-hover-animation-fade\" data-animationOffset=\"top-into-view\"><div class=\"heading heading-with-icon icon-left\"><a class=\"heading-link\" href=\"http:\/\/easybalkans.com\/it\/perche-investire-in-croazia-quali-sono-i-vantaggi-fiscali\/\" target=\"_self\"><div class=\"icon\"><i style=\"border-color:#333333;border-width:0px;background-color:#c11a2b;box-sizing:content-box;height:42px;width:42px;line-height:42px;border-radius:50%;font-size:21px;\" aria-hidden=\"true\" class=\"fontawesome-icon fa-external-link-alt fas circle-yes\"><\/i><\/div><h2 class=\"content-box-heading fusion-responsive-typography-calculated\" style=\"--h2_typography-font-size:26px;--fontSize:26;line-height:1.1;\">CROAZIA<\/h2><\/a><\/div><\/div><\/div><div style=\"--awb-backgroundcolor:rgba(255,255,255,0);\" class=\"fusion-column content-box-column content-box-column content-box-column-4 col-lg-3 col-md-3 col-sm-3 fusion-content-box-hover content-box-column-last content-box-column-last-in-row\"><div class=\"col content-box-wrapper content-wrapper link-area-link-icon link-type-text icon-hover-animation-fade\" data-animationOffset=\"top-into-view\"><div class=\"heading heading-with-icon icon-left\"><a class=\"heading-link\" href=\"http:\/\/easybalkans.com\/it\/perche-investire-in-romania\/\" target=\"_self\"><div class=\"icon\"><i style=\"border-color:#333333;border-width:0px;background-color:#c11a2b;box-sizing:content-box;height:42px;width:42px;line-height:42px;border-radius:50%;font-size:21px;\" aria-hidden=\"true\" class=\"fontawesome-icon fa-external-link-alt fas circle-yes\"><\/i><\/div><h2 class=\"content-box-heading fusion-responsive-typography-calculated\" style=\"--h2_typography-font-size:26px;--fontSize:26;line-height:1.1;\">ROMANIA<\/h2><\/a><\/div><\/div><\/div><div class=\"fusion-clearfix\"><\/div><\/div><div class=\"fusion-clearfix\"><\/div><\/div><\/div><\/div><\/div>\n","protected":false},"excerpt":{"rendered":"","protected":false},"author":18,"featured_media":0,"parent":0,"menu_order":0,"comment_status":"closed","ping_status":"closed","template":"","meta":{"footnotes":""},"class_list":["post-4927","page","type-page","status-publish","hentry"],"yoast_head":"<!-- This site is optimized with the Yoast SEO plugin v27.4 - https:\/\/yoast.com\/product\/yoast-seo-wordpress\/ -->\n<title>Dove conviene aprire una societ\u00e0 in europa e perch\u00e8 | EasyBalkans<\/title>\n<meta name=\"description\" content=\"Sfatiamo falsi miti e informazioni fake su dove conviene aprire una societ\u00e0 in Europa. Ma conviene aprire una societ\u00e0 in Europa? Scoprilo ora su EasyBalkans\" \/>\n<meta name=\"robots\" content=\"index, follow, max-snippet:-1, max-image-preview:large, max-video-preview:-1\" \/>\n<link rel=\"canonical\" href=\"https:\/\/www.easybalkans.com\/it\/dove-conviene-aprire-una-societa-in-europa-costi-di-costituzione-e-contabilita\/\" \/>\n<meta name=\"twitter:card\" content=\"summary_large_image\" \/>\n<meta name=\"twitter:title\" content=\"Dove conviene aprire una societ\u00e0 in europa e perch\u00e8 | EasyBalkans\" \/>\n<meta name=\"twitter:description\" content=\"Sfatiamo falsi miti e informazioni fake su dove conviene aprire una societ\u00e0 in Europa. Ma conviene aprire una societ\u00e0 in Europa? Scoprilo ora su EasyBalkans\" \/>\n<meta name=\"twitter:image\" content=\"http:\/\/easybalkans.com\/it\/wp-content\/uploads\/2019\/10\/Est-Europa1.png\" \/>\n<meta name=\"twitter:label1\" content=\"Tempo di lettura stimato\" \/>\n\t<meta name=\"twitter:data1\" content=\"5 minuti\" \/>\n<script type=\"application\/ld+json\" class=\"yoast-schema-graph\">{\"@context\":\"https:\\\/\\\/schema.org\",\"@graph\":[{\"@type\":\"WebPage\",\"@id\":\"https:\\\/\\\/www.easybalkans.com\\\/it\\\/dove-conviene-aprire-una-societa-in-europa-costi-di-costituzione-e-contabilita\\\/\",\"url\":\"https:\\\/\\\/www.easybalkans.com\\\/it\\\/dove-conviene-aprire-una-societa-in-europa-costi-di-costituzione-e-contabilita\\\/\",\"name\":\"Dove conviene aprire una societ\u00e0 in europa e perch\u00e8 | EasyBalkans\",\"isPartOf\":{\"@id\":\"https:\\\/\\\/www.easybalkans.com\\\/it\\\/#website\"},\"primaryImageOfPage\":{\"@id\":\"https:\\\/\\\/www.easybalkans.com\\\/it\\\/dove-conviene-aprire-una-societa-in-europa-costi-di-costituzione-e-contabilita\\\/#primaryimage\"},\"image\":{\"@id\":\"https:\\\/\\\/www.easybalkans.com\\\/it\\\/dove-conviene-aprire-una-societa-in-europa-costi-di-costituzione-e-contabilita\\\/#primaryimage\"},\"thumbnailUrl\":\"http:\\\/\\\/easybalkans.com\\\/it\\\/wp-content\\\/uploads\\\/2019\\\/10\\\/Est-Europa1.png\",\"datePublished\":\"2019-07-02T07:30:09+00:00\",\"dateModified\":\"2019-10-28T08:52:55+00:00\",\"description\":\"Sfatiamo falsi miti e informazioni fake su dove conviene aprire una societ\u00e0 in Europa. Ma conviene aprire una societ\u00e0 in Europa? Scoprilo ora su EasyBalkans\",\"breadcrumb\":{\"@id\":\"https:\\\/\\\/www.easybalkans.com\\\/it\\\/dove-conviene-aprire-una-societa-in-europa-costi-di-costituzione-e-contabilita\\\/#breadcrumb\"},\"inLanguage\":\"it-IT\",\"potentialAction\":[{\"@type\":\"ReadAction\",\"target\":[\"https:\\\/\\\/www.easybalkans.com\\\/it\\\/dove-conviene-aprire-una-societa-in-europa-costi-di-costituzione-e-contabilita\\\/\"]}]},{\"@type\":\"ImageObject\",\"inLanguage\":\"it-IT\",\"@id\":\"https:\\\/\\\/www.easybalkans.com\\\/it\\\/dove-conviene-aprire-una-societa-in-europa-costi-di-costituzione-e-contabilita\\\/#primaryimage\",\"url\":\"http:\\\/\\\/easybalkans.com\\\/it\\\/wp-content\\\/uploads\\\/2019\\\/10\\\/Est-Europa1.png\",\"contentUrl\":\"http:\\\/\\\/easybalkans.com\\\/it\\\/wp-content\\\/uploads\\\/2019\\\/10\\\/Est-Europa1.png\"},{\"@type\":\"BreadcrumbList\",\"@id\":\"https:\\\/\\\/www.easybalkans.com\\\/it\\\/dove-conviene-aprire-una-societa-in-europa-costi-di-costituzione-e-contabilita\\\/#breadcrumb\",\"itemListElement\":[{\"@type\":\"ListItem\",\"position\":1,\"name\":\"Home\",\"item\":\"https:\\\/\\\/www.easybalkans.com\\\/it\\\/\"},{\"@type\":\"ListItem\",\"position\":2,\"name\":\"Dove conviene aprire una societ\u00e0 in europa e perch\u00e8\"}]},{\"@type\":\"WebSite\",\"@id\":\"https:\\\/\\\/www.easybalkans.com\\\/it\\\/#website\",\"url\":\"https:\\\/\\\/www.easybalkans.com\\\/it\\\/\",\"name\":\"Easy Balkans | Consulenza in Internazionalizzazione e Delocalizzazione nei Balcani\",\"description\":\"Consulenza in Internazionalizzazione e Delocalizzazione nei Balcani\",\"potentialAction\":[{\"@type\":\"SearchAction\",\"target\":{\"@type\":\"EntryPoint\",\"urlTemplate\":\"https:\\\/\\\/www.easybalkans.com\\\/it\\\/?s={search_term_string}\"},\"query-input\":{\"@type\":\"PropertyValueSpecification\",\"valueRequired\":true,\"valueName\":\"search_term_string\"}}],\"inLanguage\":\"it-IT\"}]}<\/script>\n<!-- \/ Yoast SEO plugin. -->","yoast_head_json":{"title":"Dove conviene aprire una societ\u00e0 in europa e perch\u00e8 | EasyBalkans","description":"Sfatiamo falsi miti e informazioni fake su dove conviene aprire una societ\u00e0 in Europa. Ma conviene aprire una societ\u00e0 in Europa? Scoprilo ora su EasyBalkans","robots":{"index":"index","follow":"follow","max-snippet":"max-snippet:-1","max-image-preview":"max-image-preview:large","max-video-preview":"max-video-preview:-1"},"canonical":"https:\/\/www.easybalkans.com\/it\/dove-conviene-aprire-una-societa-in-europa-costi-di-costituzione-e-contabilita\/","twitter_card":"summary_large_image","twitter_title":"Dove conviene aprire una societ\u00e0 in europa e perch\u00e8 | EasyBalkans","twitter_description":"Sfatiamo falsi miti e informazioni fake su dove conviene aprire una societ\u00e0 in Europa. Ma conviene aprire una societ\u00e0 in Europa? Scoprilo ora su EasyBalkans","twitter_image":"http:\/\/easybalkans.com\/it\/wp-content\/uploads\/2019\/10\/Est-Europa1.png","twitter_misc":{"Tempo di lettura stimato":"5 minuti"},"schema":{"@context":"https:\/\/schema.org","@graph":[{"@type":"WebPage","@id":"https:\/\/www.easybalkans.com\/it\/dove-conviene-aprire-una-societa-in-europa-costi-di-costituzione-e-contabilita\/","url":"https:\/\/www.easybalkans.com\/it\/dove-conviene-aprire-una-societa-in-europa-costi-di-costituzione-e-contabilita\/","name":"Dove conviene aprire una societ\u00e0 in europa e perch\u00e8 | EasyBalkans","isPartOf":{"@id":"https:\/\/www.easybalkans.com\/it\/#website"},"primaryImageOfPage":{"@id":"https:\/\/www.easybalkans.com\/it\/dove-conviene-aprire-una-societa-in-europa-costi-di-costituzione-e-contabilita\/#primaryimage"},"image":{"@id":"https:\/\/www.easybalkans.com\/it\/dove-conviene-aprire-una-societa-in-europa-costi-di-costituzione-e-contabilita\/#primaryimage"},"thumbnailUrl":"http:\/\/easybalkans.com\/it\/wp-content\/uploads\/2019\/10\/Est-Europa1.png","datePublished":"2019-07-02T07:30:09+00:00","dateModified":"2019-10-28T08:52:55+00:00","description":"Sfatiamo falsi miti e informazioni fake su dove conviene aprire una societ\u00e0 in Europa. Ma conviene aprire una societ\u00e0 in Europa? Scoprilo ora su EasyBalkans","breadcrumb":{"@id":"https:\/\/www.easybalkans.com\/it\/dove-conviene-aprire-una-societa-in-europa-costi-di-costituzione-e-contabilita\/#breadcrumb"},"inLanguage":"it-IT","potentialAction":[{"@type":"ReadAction","target":["https:\/\/www.easybalkans.com\/it\/dove-conviene-aprire-una-societa-in-europa-costi-di-costituzione-e-contabilita\/"]}]},{"@type":"ImageObject","inLanguage":"it-IT","@id":"https:\/\/www.easybalkans.com\/it\/dove-conviene-aprire-una-societa-in-europa-costi-di-costituzione-e-contabilita\/#primaryimage","url":"http:\/\/easybalkans.com\/it\/wp-content\/uploads\/2019\/10\/Est-Europa1.png","contentUrl":"http:\/\/easybalkans.com\/it\/wp-content\/uploads\/2019\/10\/Est-Europa1.png"},{"@type":"BreadcrumbList","@id":"https:\/\/www.easybalkans.com\/it\/dove-conviene-aprire-una-societa-in-europa-costi-di-costituzione-e-contabilita\/#breadcrumb","itemListElement":[{"@type":"ListItem","position":1,"name":"Home","item":"https:\/\/www.easybalkans.com\/it\/"},{"@type":"ListItem","position":2,"name":"Dove conviene aprire una societ\u00e0 in europa e perch\u00e8"}]},{"@type":"WebSite","@id":"https:\/\/www.easybalkans.com\/it\/#website","url":"https:\/\/www.easybalkans.com\/it\/","name":"Easy Balkans | Consulenza in Internazionalizzazione e Delocalizzazione nei Balcani","description":"Consulenza in Internazionalizzazione e Delocalizzazione nei Balcani","potentialAction":[{"@type":"SearchAction","target":{"@type":"EntryPoint","urlTemplate":"https:\/\/www.easybalkans.com\/it\/?s={search_term_string}"},"query-input":{"@type":"PropertyValueSpecification","valueRequired":true,"valueName":"search_term_string"}}],"inLanguage":"it-IT"}]}},"_links":{"self":[{"href":"https:\/\/www.easybalkans.com\/it\/wp-json\/wp\/v2\/pages\/4927","targetHints":{"allow":["GET"]}}],"collection":[{"href":"https:\/\/www.easybalkans.com\/it\/wp-json\/wp\/v2\/pages"}],"about":[{"href":"https:\/\/www.easybalkans.com\/it\/wp-json\/wp\/v2\/types\/page"}],"author":[{"embeddable":true,"href":"https:\/\/www.easybalkans.com\/it\/wp-json\/wp\/v2\/users\/18"}],"replies":[{"embeddable":true,"href":"https:\/\/www.easybalkans.com\/it\/wp-json\/wp\/v2\/comments?post=4927"}],"version-history":[{"count":29,"href":"https:\/\/www.easybalkans.com\/it\/wp-json\/wp\/v2\/pages\/4927\/revisions"}],"predecessor-version":[{"id":5632,"href":"https:\/\/www.easybalkans.com\/it\/wp-json\/wp\/v2\/pages\/4927\/revisions\/5632"}],"wp:attachment":[{"href":"https:\/\/www.easybalkans.com\/it\/wp-json\/wp\/v2\/media?parent=4927"}],"curies":[{"name":"wp","href":"https:\/\/api.w.org\/{rel}","templated":true}]}}