{"id":6312,"date":"2026-01-12T14:50:39","date_gmt":"2026-01-12T13:50:39","guid":{"rendered":"http:\/\/easybalkans.com\/it\/?page_id=6312"},"modified":"2026-02-21T13:55:24","modified_gmt":"2026-02-21T12:55:24","slug":"aprire-societa-in-romania-per-italiani-la-guida-definitiva-2026-tasse-costi-requisiti-e-vantaggi-reali","status":"publish","type":"page","link":"https:\/\/www.easybalkans.com\/it\/aprire-societa-in-romania-per-italiani-la-guida-definitiva-2026-tasse-costi-requisiti-e-vantaggi-reali\/","title":{"rendered":"Aprire societ\u00e0 in Romania per italiani: la guida definitiva 2026 (tasse, costi, requisiti e vantaggi reali)"},"content":{"rendered":"<p><span style=\"font-size: 14pt;\"><strong>Aprire Societ\u00e0 in Romania per italiani<\/strong><\/span><\/p>\n<p data-start=\"356\" data-end=\"742\">Negli ultimi anni sempre pi\u00f9 italiani stanno scegliendo di <strong data-start=\"415\" data-end=\"448\">aprire una societ\u00e0 in Romania<\/strong> per usufruire di una fiscalit\u00e0 pi\u00f9 leggera, una burocrazia rapida e un sistema imprenditoriale decisamente pi\u00f9 favorevole rispetto all\u2019Italia.<br data-start=\"588\" data-end=\"591\" \/>La Romania, infatti, \u00e8 oggi una delle poche nazioni europee dove <strong data-start=\"656\" data-end=\"693\">fare impresa \u00e8 ancora conveniente<\/strong>, soprattutto per chi opera online o nei servizi.<\/p>\n<p data-start=\"744\" data-end=\"942\">Se stai valutando di delocalizzare o aprire una nuova societ\u00e0 come italiano, questa guida ti mostra in modo chiaro <strong data-start=\"859\" data-end=\"888\">tutto ci\u00f2 che devi sapere<\/strong>, senza promesse irrealistiche o informazioni confuse.<\/p>\n<hr data-start=\"944\" data-end=\"947\" \/>\n<h2 data-start=\"949\" data-end=\"1001\">Perch\u00e9 gli italiani aprono societ\u00e0 in Romania?<\/h2>\n<p data-start=\"1002\" data-end=\"1133\">Ci sono <strong data-start=\"1010\" data-end=\"1034\">tre ragioni concrete<\/strong> che stanno spingendo imprenditori, freelance e aziende italiane a spostare il business in Romania.<\/p>\n<hr data-start=\"1135\" data-end=\"1138\" \/>\n<h2 data-start=\"1140\" data-end=\"1189\"><strong data-start=\"1143\" data-end=\"1189\">1. Tasse estremamente basse (anche all\u20191%)<\/strong><\/h2>\n<p data-start=\"1190\" data-end=\"1248\">La Romania \u00e8 uno dei pochi Paesi europei dove puoi pagare:<\/p>\n<ul data-start=\"1250\" data-end=\"1437\">\n<li data-start=\"1250\" data-end=\"1307\">\n<p data-start=\"1252\" data-end=\"1307\"><strong data-start=\"1252\" data-end=\"1272\">1% sul fatturato<\/strong> \u2192 sino a 100k euro se assumi almeno un dipendente o contratto sull amministratore tutti i codici caen attivita&#8217;<\/p>\n<\/li>\n<li data-start=\"1352\" data-end=\"1414\">\n<p data-start=\"1354\" data-end=\"1414\"><strong data-start=\"1354\" data-end=\"1374\">16% sul profitto<\/strong> \u2192 se superi i limiti del regime micro<\/p>\n<\/li>\n<li data-start=\"1415\" data-end=\"1437\">\n<p data-start=\"1417\" data-end=\"1437\"><strong data-start=\"1417\" data-end=\"1437\">16% sui dividendi<\/strong><\/p>\n<\/li>\n<\/ul>\n<p data-start=\"1439\" data-end=\"1582\">Risultato: Aprire societ\u00e0 in Romania per italiani, possono arrivare a pagare <strong data-start=\"1523\" data-end=\"1553\">dal 10% al 14% complessivo<\/strong>, contro il 45\u201355% in Italia.<\/p>\n<hr data-start=\"1584\" data-end=\"1587\" \/>\n<h2 data-start=\"1589\" data-end=\"1636\"><strong data-start=\"1592\" data-end=\"1634\">2. Burocrazia semplice e digitalizzata<\/strong><\/h2>\n<p data-start=\"1637\" data-end=\"1694\">Aprire una societ\u00e0 in Romania \u00e8 sorprendentemente veloce:<\/p>\n<ul data-start=\"1696\" data-end=\"1855\">\n<li data-start=\"1696\" data-end=\"1729\">\n<p data-start=\"1698\" data-end=\"1729\">registrazione in <strong data-start=\"1715\" data-end=\"1729\">10 giorni lavorativi<\/strong><\/p>\n<\/li>\n<li data-start=\"1730\" data-end=\"1768\">\n<p data-start=\"1732\" data-end=\"1768\">procedure completamente <strong data-start=\"1756\" data-end=\"1768\">digitali<\/strong><\/p>\n<\/li>\n<li data-start=\"1769\" data-end=\"1819\">\n<p data-start=\"1771\" data-end=\"1819\">nessuna complicazione stile INPS\/Agenzia Entrate<\/p>\n<\/li>\n<li data-start=\"1820\" data-end=\"1855\">\n<p data-start=\"1822\" data-end=\"1855\">documenti standardizzati e chiari<\/p>\n<\/li>\n<\/ul>\n<p data-start=\"1857\" data-end=\"1953\">Per un imprenditore italiano, abituato alla burocrazia infinita, la differenza \u00e8 impressionante.<\/p>\n<hr data-start=\"1955\" data-end=\"1958\" \/>\n<h2 data-start=\"1960\" data-end=\"2010\"><strong data-start=\"1963\" data-end=\"2010\">3. Costi aziendali fra i pi\u00f9 bassi d\u2019Europa<\/strong><\/h2>\n<p data-start=\"2011\" data-end=\"2086\">Oltre alle tasse, anche i costi operativi sono molto pi\u00f9 bassi dell\u2019Italia:<\/p>\n<ul data-start=\"2088\" data-end=\"2261\">\n<li data-start=\"2088\" data-end=\"2121\">\n<p data-start=\"2090\" data-end=\"2121\">sede legale: <strong data-start=\"2103\" data-end=\"2121\">500\u2013900 \u20ac\/anno<\/strong><\/p>\n<\/li>\n<li data-start=\"2122\" data-end=\"2157\">\n<p data-start=\"2124\" data-end=\"2157\">commercialista: <strong data-start=\"2140\" data-end=\"2157\">70\u2013200 \u20ac\/mese<\/strong><\/p>\n<\/li>\n<li data-start=\"2158\" data-end=\"2217\">\n<p data-start=\"2160\" data-end=\"2217\">sviluppatori, grafici e figure IT a costi pi\u00f9 competitivi<\/p>\n<\/li>\n<li data-start=\"2218\" data-end=\"2261\">\n<p data-start=\"2220\" data-end=\"2261\">contributi per dipendenti molto pi\u00f9 bassi in relazione agi salari<\/p>\n<\/li>\n<\/ul>\n<p data-start=\"2263\" data-end=\"2343\">\u00c8 il motivo per cui molte startup e web agency italiane si stanno spostando qui.<\/p>\n<hr data-start=\"2345\" data-end=\"2348\" \/>\n<h2 data-start=\"2350\" data-end=\"2387\"><span style=\"font-size: 18pt;\">4. Quale societ\u00e0 conviene aprire?<\/span><\/h2>\n<p data-start=\"2388\" data-end=\"2506\">Per un italiano, la scelta migliore nel <strong data-start=\"2428\" data-end=\"2444\">99% dei casi<\/strong> \u00e8 la <strong data-start=\"2450\" data-end=\"2505\">SRL romena (SRL \u2013 Societate cu R\u0103spundere Limitat\u0103)<\/strong>.<\/p>\n<h3 data-start=\"2508\" data-end=\"2538\">Vantaggi della SRL rumena:<\/h3>\n<ul data-start=\"2539\" data-end=\"2739\">\n<li data-start=\"2539\" data-end=\"2587\">\n<p data-start=\"2541\" data-end=\"2587\">responsabilit\u00e0 limitata come la SRL italiana<\/p>\n<\/li>\n<li data-start=\"2588\" data-end=\"2612\">\n<p data-start=\"2590\" data-end=\"2612\">tassazione agevolata<\/p>\n<\/li>\n<li data-start=\"2613\" data-end=\"2637\">\n<p data-start=\"2615\" data-end=\"2637\">apertura facilissima<\/p>\n<\/li>\n<li data-start=\"2638\" data-end=\"2739\">\n<p data-start=\"2640\" data-end=\"2739\">perfetta per e-commerce, servizi, consulenza, agenzie, digital business, IT, logistica, trasporti, produzione progettazione distribuzione<\/p>\n<\/li>\n<li data-start=\"2638\" data-end=\"2739\"><strong data-start=\"5336\" data-end=\"5521\"><a href=\"http:\/\/easybalkans.com\/it\/#contact\">Clicca qui e parla con un professionista che pu\u00f2 guidarti passo passo, prenota una call videocall gratuita.<\/a><\/strong><\/li>\n<\/ul>\n<hr data-start=\"2741\" data-end=\"2744\" \/>\n<h2 data-start=\"2746\" data-end=\"2812\"><span style=\"font-size: 18pt;\">5. Italiani che aprono societ\u00e0 in Romania: cosa serve davvero?<\/span><\/h2>\n<p data-start=\"2814\" data-end=\"2840\">Ecco i requisiti concreti:<\/p>\n<h3 data-start=\"2842\" data-end=\"2855\"><strong data-start=\"2846\" data-end=\"2855\">Serve<\/strong><\/h3>\n<p data-start=\"2856\" data-end=\"3020\">\u2714 Carta d\u2019identit\u00e0 o tessera sanitaria o codice fiscale<br data-start=\"2887\" data-end=\"2890\" \/>\u2714 Statuto societario (lo prepara il nostro ufficio bilingue)<br data-start=\"2937\" data-end=\"2940\" \/>\u2714 Sede legale (fornita da nostra societ\u00e0 specializzata)<br data-start=\"2988\" data-end=\"2991\" \/>\u2714 <strong><a href=\"https:\/\/www.istat.it\/classificazione\/classificazione-delle-attivita-economiche-ateco\/\">Attivita&#8217; principale e secondarie per lo statuto<\/a><\/strong><\/p>\n<h3 data-start=\"3022\" data-end=\"3039\"><strong data-start=\"3026\" data-end=\"3039\">Non serve<\/strong><\/h3>\n<p data-start=\"3040\" data-end=\"3189\">\u00a0residenza<br data-start=\"3051\" data-end=\"3054\" \/>\u00a0trasferirsi fisicamente<br data-start=\"3079\" data-end=\"3082\" \/>\u00a0aprire un ufficio fisico<br data-start=\"3108\" data-end=\"3111\" \/>\u00a0PEC, SPID, firma digitale italiana<br data-start=\"3147\" data-end=\"3150\" \/>\u00a0viaggiare (puoi fare tutto da remoto)<\/p>\n<hr data-start=\"3191\" data-end=\"3194\" \/>\n<h2 data-start=\"3196\" data-end=\"3262\"><span style=\"font-size: 18pt;\">6. Quanto costa aprire una societ\u00e0 in Romania?<\/span><\/h2>\n<h3 data-start=\"3474\" data-end=\"3527\"><strong data-start=\"3478\" data-end=\"3525\">Quanto si paga in tasse? (esempio italiano)<\/strong><\/h3>\n<p data-start=\"3528\" data-end=\"3560\">Se fatturi <strong data-start=\"3539\" data-end=\"3559\">100.000 \u20ac l\u2019anno<\/strong>:<\/p>\n<ul data-start=\"3562\" data-end=\"3630\">\n<li data-start=\"3562\" data-end=\"3603\">\n<p data-start=\"3564\" data-end=\"3603\">Regime microimpresa al 1% \u2192 <strong>1.000 \u20ac piu 4.050 c0ntributo fisso<\/strong><\/p>\n<\/li>\n<li data-start=\"3604\" data-end=\"3630\">\n<p data-start=\"3606\" data-end=\"3630\"><strong><a href=\"https:\/\/it.wikipedia.org\/wiki\/Dividendo_(economia)\">Dividendi<\/a><\/strong> \u2192 16<strong data-start=\"3624\" data-end=\"3630\">%<\/strong><\/p>\n<\/li>\n<\/ul>\n<p data-start=\"3632\" data-end=\"3657\">Totale tasse <strong data-start=\"3645\" data-end=\"3657\">\u2248 18-21%<\/strong><\/p>\n<p data-start=\"3659\" data-end=\"3710\">In Italia, pagheresti facilmente tra <strong data-start=\"3696\" data-end=\"3709\">40% e 55%<\/strong>.<\/p>\n<hr data-start=\"3712\" data-end=\"3715\" \/>\n<h2 data-start=\"3717\" data-end=\"3761\"><span style=\"font-size: 18pt;\">7. Attenzione: quando NON conviene farlo<\/span><\/h2>\n<p data-start=\"3762\" data-end=\"3901\"><strong>Aprire societ\u00e0 in Romania per italiani<\/strong> non \u00e8 una scorciatoia per evadere.<br data-start=\"3826\" data-end=\"3829\" \/>Ci sono casi in cui l\u2019Italia potrebbe contestare la \u201cstabile organizzazione\u201d se non viene pianificato il tutto.<\/p>\n<p data-start=\"3903\" data-end=\"3940\">Esempio:<\/p>\n<ul data-start=\"3942\" data-end=\"4093\">\n<li data-start=\"3942\" data-end=\"3988\">\n<p data-start=\"3944\" data-end=\"3988\">lavori fisicamente dall\u2019Italia ogni giorno (potrebbe essere contestato anche un lavoro dipendente &#8230;ma parliamone e&#8217; solo da pianificare)<\/p>\n<\/li>\n<li data-start=\"3989\" data-end=\"4016\">\n<p data-start=\"3991\" data-end=\"4016\">hai dipendenti italiani \u00a0(necessita aprire una posizione fiscale italiana, forse a volte, ma verifichiamo e rendiamo fattibile il caso)<\/p>\n<\/li>\n<li data-start=\"4017\" data-end=\"4052\">\n<p data-start=\"4019\" data-end=\"4052\">i clienti sono al 100% italiani (puo non essere un problema necesita pianificare il flusso e l approccio col cliente)<\/p>\n<\/li>\n<li data-start=\"4053\" data-end=\"4093\">\n<p data-start=\"4055\" data-end=\"4093\">gestisci la sede operativa in Italia (vediamo come e perche&#8217; pianificarlo in un certo modo)<\/p>\n<\/li>\n<\/ul>\n<p data-start=\"4095\" data-end=\"4192\">Se invece operi <strong data-start=\"4111\" data-end=\"4168\">online, in UE, da remoto o con clienti internazionali<\/strong>, la Romania \u00e8 perfetta, diversamente pianifichiamo il flusso di business personalizzato.<\/p>\n<p data-start=\"4095\" data-end=\"4192\"><strong data-start=\"5336\" data-end=\"5521\"><a href=\"http:\/\/easybalkans.com\/it\/#contact\">Clicca qui e parla con un professionista che pu\u00f2 guidarti passo passo, prenota una call videocall gratuita.<\/a><\/strong><\/p>\n<hr data-start=\"4194\" data-end=\"4197\" \/>\n<h2 data-start=\"4199\" data-end=\"4239\"><span style=\"font-size: 18pt;\">8. Per quali business conviene di pi\u00f9?<\/span><\/h2>\n<p data-start=\"4240\" data-end=\"4298\">Gli italiani che stanno ottenendo grandi benefici sono in:<\/p>\n<ul data-start=\"4300\" data-end=\"4542\">\n<li data-start=\"4300\" data-end=\"4329\">\n<p data-start=\"4302\" data-end=\"4329\">e-commerce \/ dropshipping<\/p>\n<\/li>\n<li data-start=\"4330\" data-end=\"4375\">\n<p data-start=\"4332\" data-end=\"4375\">agenzie digitali (ads, social media, SEO)<\/p>\n<\/li>\n<li data-start=\"4376\" data-end=\"4402\">\n<p data-start=\"4378\" data-end=\"4402\">consulenza e freelance<\/p>\n<\/li>\n<li data-start=\"4403\" data-end=\"4431\">\n<p data-start=\"4405\" data-end=\"4431\">sviluppo software \/ SaaS<\/p>\n<\/li>\n<li data-start=\"4432\" data-end=\"4457\">\n<p data-start=\"4434\" data-end=\"4457\">logistica e trasporti<\/p>\n<\/li>\n<li data-start=\"4458\" data-end=\"4499\">\n<p data-start=\"4460\" data-end=\"4499\">marketing, formazione, servizi online<\/p>\n<\/li>\n<li data-start=\"4500\" data-end=\"4542\">\n<p data-start=\"4502\" data-end=\"4542\">aziende con team remoto internazionale<\/p>\n<\/li>\n<li data-start=\"4500\" data-end=\"4542\">produzione<\/li>\n<li data-start=\"4500\" data-end=\"4542\">distribuzione<\/li>\n<\/ul>\n<hr data-start=\"4544\" data-end=\"4547\" \/>\n<h2 data-start=\"4549\" data-end=\"4621\"><span style=\"font-size: 18pt;\">9. Aprire societ\u00e0 in Romania per italiani oggi \u00e8 una scelta strategica, perche&#8217;&#8230;..<\/span><\/h2>\n<p data-start=\"4622\" data-end=\"4709\">Per un imprenditore italiano, la Romania offre quello che in Italia sembra impossibile:<\/p>\n<ul data-start=\"4711\" data-end=\"4881\">\n<li data-start=\"4711\" data-end=\"4727\">\n<p data-start=\"4713\" data-end=\"4727\">tasse chiare<\/p>\n<\/li>\n<li data-start=\"4728\" data-end=\"4747\">\n<p data-start=\"4730\" data-end=\"4747\">regole semplici<\/p>\n<\/li>\n<li data-start=\"4748\" data-end=\"4781\">\n<p data-start=\"4750\" data-end=\"4781\">nessuna burocrazia soffocante<\/p>\n<\/li>\n<li data-start=\"4782\" data-end=\"4797\">\n<p data-start=\"4784\" data-end=\"4797\">costi bassi<\/p>\n<\/li>\n<li data-start=\"4798\" data-end=\"4831\">\n<p data-start=\"4800\" data-end=\"4831\">possibilit\u00e0 reale di crescere<\/p>\n<\/li>\n<li data-start=\"4832\" data-end=\"4881\">\n<p data-start=\"4834\" data-end=\"4881\">un sistema che non punisce chi lavora davvero<\/p>\n<\/li>\n<\/ul>\n<p data-start=\"4883\" data-end=\"4968\">E soprattutto, ti permette di <strong data-start=\"4913\" data-end=\"4944\">tenere pi\u00f9 soldi in azienda<\/strong>, reinvestire e scalare.<\/p>\n<hr data-start=\"4970\" data-end=\"4973\" \/>\n<h2 data-start=\"4975\" data-end=\"4997\"><span style=\"font-size: 18pt;\"><strong data-start=\"4980\" data-end=\"4995\">Conclusione di &#8230;. \u00a0<\/strong><\/span><span style=\"font-size: 18pt;\"><strong data-start=\"4980\" data-end=\"4995\">Aprire Societ\u00e0 in Romania per italiani<\/strong><\/span><\/h2>\n<h3 data-start=\"4998\" data-end=\"5334\">Aprire societ\u00e0 in Romania per italiani \u00e8 una scelta intelligente e strategica, soprattutto se operi online o in settori moderni, diversamente pianifichiamo il flusso di business.<br data-start=\"5137\" data-end=\"5140\" \/>Con una fiscalit\u00e0 snella, costi bassi e un ambiente pro-business, la Romania \u00e8 oggi una delle migliori opportunit\u00e0 in Europa per chi vuole crescere senza essere schiacciato dalle tasse italiane.<\/h3>\n<p data-start=\"5336\" data-end=\"5521\"><strong data-start=\"5336\" data-end=\"5521\">Prima di fare mosse affrettate, per\u00f2, \u00e8 fondamentale verificare ogni dettaglio con un consulente esperto.<br data-start=\"5443\" data-end=\"5446\" \/><a href=\"http:\/\/easybalkans.com\/it\/#contact\">Clicca qui e parla con un professionista che pu\u00f2 guidarti passo passo, prenota una call videocall gratuita.<\/a><\/strong><\/p>\n","protected":false},"excerpt":{"rendered":"<p>Aprire Societ\u00e0 in Romania per italiani Negli ultimi anni sempre pi\u00f9 italiani stanno scegliendo di aprire una societ\u00e0 in Romania per usufruire di una fiscalit\u00e0 pi\u00f9 leggera, una burocrazia rapida <a href=\"https:\/\/www.easybalkans.com\/it\/aprire-societa-in-romania-per-italiani-la-guida-definitiva-2026-tasse-costi-requisiti-e-vantaggi-reali\/\"> [&#8230;]<\/a><\/p>\n","protected":false},"author":18,"featured_media":6313,"parent":0,"menu_order":0,"comment_status":"closed","ping_status":"closed","template":"","meta":{"footnotes":""},"class_list":["post-6312","page","type-page","status-publish","has-post-thumbnail","hentry"],"yoast_head":"<!-- This site is optimized with the Yoast SEO plugin v27.4 - https:\/\/yoast.com\/product\/yoast-seo-wordpress\/ -->\n<title>Aprire societ\u00e0 in Romania per italiani: guida completa 2026<\/title>\n<meta name=\"description\" content=\"Aprire societ\u00e0 in Romania conviene: tasse dall\u20191%, costi bassi e burocrazia veloce. Guida completa 2026 per italiani.\" \/>\n<meta name=\"robots\" content=\"index, follow, max-snippet:-1, max-image-preview:large, max-video-preview:-1\" \/>\n<link rel=\"canonical\" href=\"https:\/\/www.easybalkans.com\/it\/aprire-societa-in-romania-per-italiani-la-guida-definitiva-2026-tasse-costi-requisiti-e-vantaggi-reali\/\" \/>\n<meta name=\"twitter:card\" content=\"summary_large_image\" \/>\n<meta name=\"twitter:title\" content=\"Aprire societ\u00e0 in Romania per italiani: guida completa 2026\" \/>\n<meta name=\"twitter:description\" content=\"Aprire societ\u00e0 in Romania conviene: tasse dall\u20191%, costi bassi e burocrazia veloce. Guida completa 2026 per italiani.\" \/>\n<meta name=\"twitter:image\" content=\"https:\/\/www.easybalkans.com\/it\/wp-content\/uploads\/2025\/11\/ChatGPT-Image-Nov-23-2025-02_49_11-PM.png\" \/>\n<meta name=\"twitter:label1\" content=\"Tempo di lettura stimato\" \/>\n\t<meta name=\"twitter:data1\" content=\"5 minuti\" \/>\n<script type=\"application\/ld+json\" class=\"yoast-schema-graph\">{\"@context\":\"https:\\\/\\\/schema.org\",\"@graph\":[{\"@type\":\"WebPage\",\"@id\":\"https:\\\/\\\/www.easybalkans.com\\\/it\\\/aprire-societa-in-romania-per-italiani-la-guida-definitiva-2026-tasse-costi-requisiti-e-vantaggi-reali\\\/\",\"url\":\"https:\\\/\\\/www.easybalkans.com\\\/it\\\/aprire-societa-in-romania-per-italiani-la-guida-definitiva-2026-tasse-costi-requisiti-e-vantaggi-reali\\\/\",\"name\":\"Aprire societ\u00e0 in Romania per italiani: guida completa 2026\",\"isPartOf\":{\"@id\":\"https:\\\/\\\/www.easybalkans.com\\\/it\\\/#website\"},\"primaryImageOfPage\":{\"@id\":\"https:\\\/\\\/www.easybalkans.com\\\/it\\\/aprire-societa-in-romania-per-italiani-la-guida-definitiva-2026-tasse-costi-requisiti-e-vantaggi-reali\\\/#primaryimage\"},\"image\":{\"@id\":\"https:\\\/\\\/www.easybalkans.com\\\/it\\\/aprire-societa-in-romania-per-italiani-la-guida-definitiva-2026-tasse-costi-requisiti-e-vantaggi-reali\\\/#primaryimage\"},\"thumbnailUrl\":\"https:\\\/\\\/www.easybalkans.com\\\/it\\\/wp-content\\\/uploads\\\/2025\\\/11\\\/ChatGPT-Image-Nov-23-2025-02_49_11-PM.png\",\"datePublished\":\"2026-01-12T13:50:39+00:00\",\"dateModified\":\"2026-02-21T12:55:24+00:00\",\"description\":\"Aprire societ\u00e0 in Romania conviene: tasse dall\u20191%, costi bassi e burocrazia veloce. Guida completa 2026 per italiani.\",\"breadcrumb\":{\"@id\":\"https:\\\/\\\/www.easybalkans.com\\\/it\\\/aprire-societa-in-romania-per-italiani-la-guida-definitiva-2026-tasse-costi-requisiti-e-vantaggi-reali\\\/#breadcrumb\"},\"inLanguage\":\"it-IT\",\"potentialAction\":[{\"@type\":\"ReadAction\",\"target\":[\"https:\\\/\\\/www.easybalkans.com\\\/it\\\/aprire-societa-in-romania-per-italiani-la-guida-definitiva-2026-tasse-costi-requisiti-e-vantaggi-reali\\\/\"]}]},{\"@type\":\"ImageObject\",\"inLanguage\":\"it-IT\",\"@id\":\"https:\\\/\\\/www.easybalkans.com\\\/it\\\/aprire-societa-in-romania-per-italiani-la-guida-definitiva-2026-tasse-costi-requisiti-e-vantaggi-reali\\\/#primaryimage\",\"url\":\"https:\\\/\\\/www.easybalkans.com\\\/it\\\/wp-content\\\/uploads\\\/2025\\\/11\\\/ChatGPT-Image-Nov-23-2025-02_49_11-PM.png\",\"contentUrl\":\"https:\\\/\\\/www.easybalkans.com\\\/it\\\/wp-content\\\/uploads\\\/2025\\\/11\\\/ChatGPT-Image-Nov-23-2025-02_49_11-PM.png\",\"width\":1536,\"height\":1024,\"caption\":\"aprire societ\u00e0 in Romania per italiani\"},{\"@type\":\"BreadcrumbList\",\"@id\":\"https:\\\/\\\/www.easybalkans.com\\\/it\\\/aprire-societa-in-romania-per-italiani-la-guida-definitiva-2026-tasse-costi-requisiti-e-vantaggi-reali\\\/#breadcrumb\",\"itemListElement\":[{\"@type\":\"ListItem\",\"position\":1,\"name\":\"Home\",\"item\":\"https:\\\/\\\/www.easybalkans.com\\\/it\\\/\"},{\"@type\":\"ListItem\",\"position\":2,\"name\":\"Aprire societ\u00e0 in Romania per italiani: la guida definitiva 2026 (tasse, costi, requisiti e vantaggi reali)\"}]},{\"@type\":\"WebSite\",\"@id\":\"https:\\\/\\\/www.easybalkans.com\\\/it\\\/#website\",\"url\":\"https:\\\/\\\/www.easybalkans.com\\\/it\\\/\",\"name\":\"Easy Balkans | Consulenza in Internazionalizzazione e Delocalizzazione nei Balcani\",\"description\":\"Consulenza in Internazionalizzazione e Delocalizzazione nei Balcani\",\"potentialAction\":[{\"@type\":\"SearchAction\",\"target\":{\"@type\":\"EntryPoint\",\"urlTemplate\":\"https:\\\/\\\/www.easybalkans.com\\\/it\\\/?s={search_term_string}\"},\"query-input\":{\"@type\":\"PropertyValueSpecification\",\"valueRequired\":true,\"valueName\":\"search_term_string\"}}],\"inLanguage\":\"it-IT\"}]}<\/script>\n<!-- \/ Yoast SEO plugin. -->","yoast_head_json":{"title":"Aprire societ\u00e0 in Romania per italiani: guida completa 2026","description":"Aprire societ\u00e0 in Romania conviene: tasse dall\u20191%, costi bassi e burocrazia veloce. Guida completa 2026 per italiani.","robots":{"index":"index","follow":"follow","max-snippet":"max-snippet:-1","max-image-preview":"max-image-preview:large","max-video-preview":"max-video-preview:-1"},"canonical":"https:\/\/www.easybalkans.com\/it\/aprire-societa-in-romania-per-italiani-la-guida-definitiva-2026-tasse-costi-requisiti-e-vantaggi-reali\/","twitter_card":"summary_large_image","twitter_title":"Aprire societ\u00e0 in Romania per italiani: guida completa 2026","twitter_description":"Aprire societ\u00e0 in Romania conviene: tasse dall\u20191%, costi bassi e burocrazia veloce. Guida completa 2026 per italiani.","twitter_image":"https:\/\/www.easybalkans.com\/it\/wp-content\/uploads\/2025\/11\/ChatGPT-Image-Nov-23-2025-02_49_11-PM.png","twitter_misc":{"Tempo di lettura stimato":"5 minuti"},"schema":{"@context":"https:\/\/schema.org","@graph":[{"@type":"WebPage","@id":"https:\/\/www.easybalkans.com\/it\/aprire-societa-in-romania-per-italiani-la-guida-definitiva-2026-tasse-costi-requisiti-e-vantaggi-reali\/","url":"https:\/\/www.easybalkans.com\/it\/aprire-societa-in-romania-per-italiani-la-guida-definitiva-2026-tasse-costi-requisiti-e-vantaggi-reali\/","name":"Aprire societ\u00e0 in Romania per italiani: guida completa 2026","isPartOf":{"@id":"https:\/\/www.easybalkans.com\/it\/#website"},"primaryImageOfPage":{"@id":"https:\/\/www.easybalkans.com\/it\/aprire-societa-in-romania-per-italiani-la-guida-definitiva-2026-tasse-costi-requisiti-e-vantaggi-reali\/#primaryimage"},"image":{"@id":"https:\/\/www.easybalkans.com\/it\/aprire-societa-in-romania-per-italiani-la-guida-definitiva-2026-tasse-costi-requisiti-e-vantaggi-reali\/#primaryimage"},"thumbnailUrl":"https:\/\/www.easybalkans.com\/it\/wp-content\/uploads\/2025\/11\/ChatGPT-Image-Nov-23-2025-02_49_11-PM.png","datePublished":"2026-01-12T13:50:39+00:00","dateModified":"2026-02-21T12:55:24+00:00","description":"Aprire societ\u00e0 in Romania conviene: tasse dall\u20191%, costi bassi e burocrazia veloce. Guida completa 2026 per italiani.","breadcrumb":{"@id":"https:\/\/www.easybalkans.com\/it\/aprire-societa-in-romania-per-italiani-la-guida-definitiva-2026-tasse-costi-requisiti-e-vantaggi-reali\/#breadcrumb"},"inLanguage":"it-IT","potentialAction":[{"@type":"ReadAction","target":["https:\/\/www.easybalkans.com\/it\/aprire-societa-in-romania-per-italiani-la-guida-definitiva-2026-tasse-costi-requisiti-e-vantaggi-reali\/"]}]},{"@type":"ImageObject","inLanguage":"it-IT","@id":"https:\/\/www.easybalkans.com\/it\/aprire-societa-in-romania-per-italiani-la-guida-definitiva-2026-tasse-costi-requisiti-e-vantaggi-reali\/#primaryimage","url":"https:\/\/www.easybalkans.com\/it\/wp-content\/uploads\/2025\/11\/ChatGPT-Image-Nov-23-2025-02_49_11-PM.png","contentUrl":"https:\/\/www.easybalkans.com\/it\/wp-content\/uploads\/2025\/11\/ChatGPT-Image-Nov-23-2025-02_49_11-PM.png","width":1536,"height":1024,"caption":"aprire societ\u00e0 in Romania per italiani"},{"@type":"BreadcrumbList","@id":"https:\/\/www.easybalkans.com\/it\/aprire-societa-in-romania-per-italiani-la-guida-definitiva-2026-tasse-costi-requisiti-e-vantaggi-reali\/#breadcrumb","itemListElement":[{"@type":"ListItem","position":1,"name":"Home","item":"https:\/\/www.easybalkans.com\/it\/"},{"@type":"ListItem","position":2,"name":"Aprire societ\u00e0 in Romania per italiani: la guida definitiva 2026 (tasse, costi, requisiti e vantaggi reali)"}]},{"@type":"WebSite","@id":"https:\/\/www.easybalkans.com\/it\/#website","url":"https:\/\/www.easybalkans.com\/it\/","name":"Easy Balkans | Consulenza in Internazionalizzazione e Delocalizzazione nei Balcani","description":"Consulenza in Internazionalizzazione e Delocalizzazione nei Balcani","potentialAction":[{"@type":"SearchAction","target":{"@type":"EntryPoint","urlTemplate":"https:\/\/www.easybalkans.com\/it\/?s={search_term_string}"},"query-input":{"@type":"PropertyValueSpecification","valueRequired":true,"valueName":"search_term_string"}}],"inLanguage":"it-IT"}]}},"_links":{"self":[{"href":"https:\/\/www.easybalkans.com\/it\/wp-json\/wp\/v2\/pages\/6312","targetHints":{"allow":["GET"]}}],"collection":[{"href":"https:\/\/www.easybalkans.com\/it\/wp-json\/wp\/v2\/pages"}],"about":[{"href":"https:\/\/www.easybalkans.com\/it\/wp-json\/wp\/v2\/types\/page"}],"author":[{"embeddable":true,"href":"https:\/\/www.easybalkans.com\/it\/wp-json\/wp\/v2\/users\/18"}],"replies":[{"embeddable":true,"href":"https:\/\/www.easybalkans.com\/it\/wp-json\/wp\/v2\/comments?post=6312"}],"version-history":[{"count":8,"href":"https:\/\/www.easybalkans.com\/it\/wp-json\/wp\/v2\/pages\/6312\/revisions"}],"predecessor-version":[{"id":6349,"href":"https:\/\/www.easybalkans.com\/it\/wp-json\/wp\/v2\/pages\/6312\/revisions\/6349"}],"wp:featuredmedia":[{"embeddable":true,"href":"https:\/\/www.easybalkans.com\/it\/wp-json\/wp\/v2\/media\/6313"}],"wp:attachment":[{"href":"https:\/\/www.easybalkans.com\/it\/wp-json\/wp\/v2\/media?parent=6312"}],"curies":[{"name":"wp","href":"https:\/\/api.w.org\/{rel}","templated":true}]}}