{"id":6330,"date":"2025-12-13T11:01:26","date_gmt":"2025-12-13T10:01:26","guid":{"rendered":"http:\/\/easybalkans.com\/it\/?page_id=6330"},"modified":"2025-12-13T11:01:26","modified_gmt":"2025-12-13T10:01:26","slug":"perche-aprire-una-societa-in-romania-oggi-e-cosi-conveniente","status":"publish","type":"page","link":"https:\/\/www.easybalkans.com\/it\/perche-aprire-una-societa-in-romania-oggi-e-cosi-conveniente\/","title":{"rendered":"Perch\u00e8 aprire una societ\u00e0 in romania oggi \u00e8 cos\u00ec conveniente"},"content":{"rendered":"<h1 data-start=\"444\" data-end=\"506\">Perch\u00e9 aprire una societ\u00e0 in Romania oggi \u00e8 cos\u00ec conveniente<\/h1>\n<p data-start=\"508\" data-end=\"832\">Negli ultimi anni sempre pi\u00f9 imprenditori, professionisti e investitori europei stanno valutando seriamente l\u2019idea di <strong data-start=\"626\" data-end=\"659\">aprire una societ\u00e0 in Romania<\/strong>. Non si tratta di una moda passeggera n\u00e9 di una scorciatoia fiscale, ma di una scelta razionale, strutturata e sempre pi\u00f9 diffusa, basata su vantaggi concreti e misurabili.<\/p>\n<p data-start=\"834\" data-end=\"1213\">La Romania \u00e8 oggi uno dei Paesi pi\u00f9 interessanti dell\u2019Unione Europea per chi desidera fare impresa in modo sostenibile, competitivo e moderno. Aprire una societ\u00e0 in Romania significa accedere a un sistema economico in crescita, a una fiscalit\u00e0 chiara e leggera, a costi operativi estremamente ridotti e a un contesto normativo pi\u00f9 snello rispetto a molti altri Paesi occidentali.<\/p>\n<p data-start=\"1215\" data-end=\"1490\">In questo articolo analizzeremo in modo approfondito <strong data-start=\"1268\" data-end=\"1332\">perch\u00e9 aprire una societ\u00e0 in Romania oggi \u00e8 cos\u00ec conveniente<\/strong>, senza collegamenti a servizi o attivit\u00e0 commerciali, ma concentrandoci esclusivamente sui motivi strutturali che rendono questa scelta sempre pi\u00f9 attraente.<\/p>\n<hr data-start=\"1492\" data-end=\"1495\" \/>\n<h2 data-start=\"1497\" data-end=\"1546\">La Romania: un Paese europeo in forte crescita<\/h2>\n<p data-start=\"1548\" data-end=\"1812\">Uno dei primi motivi per cui aprire una societ\u00e0 in Romania \u00e8 conveniente riguarda il contesto macroeconomico. La Romania \u00e8 uno Stato membro dell\u2019Unione Europea dal 2007 e negli ultimi quindici anni ha registrato una crescita economica tra le pi\u00f9 alte dell\u2019area UE.<\/p>\n<p data-start=\"1814\" data-end=\"1880\">Il PIL rumeno ha mostrato una progressione costante, sostenuta da:<\/p>\n<ul data-start=\"1881\" data-end=\"2044\">\n<li data-start=\"1881\" data-end=\"1910\">\n<p data-start=\"1883\" data-end=\"1910\">investimenti esteri diretti<\/p>\n<\/li>\n<li data-start=\"1911\" data-end=\"1933\">\n<p data-start=\"1913\" data-end=\"1933\">sviluppo tecnologico<\/p>\n<\/li>\n<li data-start=\"1934\" data-end=\"1968\">\n<p data-start=\"1936\" data-end=\"1968\">crescita del settore dei servizi<\/p>\n<\/li>\n<li data-start=\"1969\" data-end=\"2007\">\n<p data-start=\"1971\" data-end=\"2007\">modernizzazione delle infrastrutture<\/p>\n<\/li>\n<li data-start=\"2008\" data-end=\"2044\">\n<p data-start=\"2010\" data-end=\"2044\">integrazione con i mercati europei<\/p>\n<\/li>\n<\/ul>\n<p data-start=\"2046\" data-end=\"2243\">Aprire una societ\u00e0 in Romania significa quindi operare in un Paese <strong data-start=\"2113\" data-end=\"2166\">stabile, europeo, ma ancora in fase di espansione<\/strong>, dove le opportunit\u00e0 non sono ancora saturate come in molte economie mature.<\/p>\n<hr data-start=\"2245\" data-end=\"2248\" \/>\n<h2 data-start=\"2250\" data-end=\"2302\">Un sistema fiscale semplice, chiaro e vantaggioso<\/h2>\n<p data-start=\"2304\" data-end=\"2470\">Uno dei principali motivi per cui molti scelgono di <strong data-start=\"2356\" data-end=\"2389\">aprire una societ\u00e0 in Romania<\/strong> \u00e8 il sistema fiscale estremamente competitivo, ma allo stesso tempo trasparente.<\/p>\n<h3 data-start=\"2472\" data-end=\"2500\">Tassazione delle societ\u00e0<\/h3>\n<p data-start=\"2502\" data-end=\"2521\">La Romania applica:<\/p>\n<ul data-start=\"2522\" data-end=\"2668\">\n<li data-start=\"2522\" data-end=\"2568\">\n<p data-start=\"2524\" data-end=\"2568\"><strong data-start=\"2524\" data-end=\"2568\">imposta sul reddito delle societ\u00e0 al 16%<\/strong><\/p>\n<\/li>\n<li data-start=\"2569\" data-end=\"2668\">\n<p data-start=\"2571\" data-end=\"2668\"><strong data-start=\"2571\" data-end=\"2594\">regime microimpresa<\/strong> con tassazione ridotta sui ricavi (in presenza di determinate condizioni)<\/p>\n<\/li>\n<\/ul>\n<p data-start=\"2670\" data-end=\"2849\">Questo significa che, rispetto a molti Paesi dell\u2019Europa occidentale, il carico fiscale complessivo \u00e8 sensibilmente inferiore, senza ricorrere a strutture complesse o artificiose.<\/p>\n<h3 data-start=\"2851\" data-end=\"2864\">Dividendi<\/h3>\n<p data-start=\"2866\" data-end=\"3059\">Anche la tassazione sui dividendi \u00e8 contenuta, rendendo la Romania una scelta interessante non solo per l\u2019attivit\u00e0 operativa, ma anche per la pianificazione finanziaria nel medio-lungo periodo.<\/p>\n<p data-start=\"3061\" data-end=\"3210\">Aprire una societ\u00e0 in Romania permette quindi di <strong data-start=\"3110\" data-end=\"3161\">trattenere pi\u00f9 risorse all\u2019interno dell\u2019azienda<\/strong>, favorendo reinvestimenti, crescita e stabilit\u00e0.<\/p>\n<hr data-start=\"3212\" data-end=\"3215\" \/>\n<h2 data-start=\"3217\" data-end=\"3283\">Costi operativi molto pi\u00f9 bassi rispetto all\u2019Europa occidentale<\/h2>\n<p data-start=\"3285\" data-end=\"3395\">Un altro elemento fondamentale che rende conveniente aprire una societ\u00e0 in Romania \u00e8 il <strong data-start=\"3373\" data-end=\"3394\">livello dei costi<\/strong>.<\/p>\n<h3 data-start=\"3397\" data-end=\"3417\">Costi del lavoro<\/h3>\n<p data-start=\"3419\" data-end=\"3510\">Il costo del lavoro in Romania \u00e8 tra i pi\u00f9 competitivi dell\u2019Unione Europea, pur garantendo:<\/p>\n<ul data-start=\"3511\" data-end=\"3637\">\n<li data-start=\"3511\" data-end=\"3529\">\n<p data-start=\"3513\" data-end=\"3529\">buona formazione<\/p>\n<\/li>\n<li data-start=\"3530\" data-end=\"3570\">\n<p data-start=\"3532\" data-end=\"3570\">elevato livello di competenze tecniche<\/p>\n<\/li>\n<li data-start=\"3571\" data-end=\"3637\">\n<p data-start=\"3573\" data-end=\"3637\">forte preparazione in ambito IT, ingegneristico e amministrativo<\/p>\n<\/li>\n<\/ul>\n<p data-start=\"3639\" data-end=\"3750\">Questo permette alle imprese di costruire team efficienti con costi sostenibili, senza rinunciare alla qualit\u00e0.<\/p>\n<h3 data-start=\"3752\" data-end=\"3780\">Affitti e spese generali<\/h3>\n<ul data-start=\"3782\" data-end=\"3988\">\n<li data-start=\"3782\" data-end=\"3875\">\n<p data-start=\"3784\" data-end=\"3875\">Affitti di uffici e spazi commerciali molto inferiori rispetto a Italia, Francia o Germania<\/p>\n<\/li>\n<li data-start=\"3876\" data-end=\"3943\">\n<p data-start=\"3878\" data-end=\"3943\">Costi di utenze, servizi e fornitori significativamente pi\u00f9 bassi<\/p>\n<\/li>\n<li data-start=\"3944\" data-end=\"3988\">\n<p data-start=\"3946\" data-end=\"3988\">Minori spese burocratiche e amministrative<\/p>\n<\/li>\n<\/ul>\n<p data-start=\"3990\" data-end=\"4098\">Aprire una societ\u00e0 in Romania significa quindi <strong data-start=\"4037\" data-end=\"4083\">ridurre drasticamente il punto di pareggio<\/strong> dell\u2019attivit\u00e0.<\/p>\n<hr data-start=\"4100\" data-end=\"4103\" \/>\n<h2 data-start=\"4105\" data-end=\"4144\">Burocrazia pi\u00f9 snella e tempi rapidi<\/h2>\n<p data-start=\"4146\" data-end=\"4352\">La burocrazia \u00e8 spesso uno dei principali ostacoli all\u2019imprenditorialit\u00e0. In Romania, pur essendo un Paese UE, il sistema amministrativo \u00e8 <strong data-start=\"4285\" data-end=\"4316\">pi\u00f9 rapido e meno complesso<\/strong> rispetto a molti Stati occidentali.<\/p>\n<p data-start=\"4354\" data-end=\"4393\">Aprire una societ\u00e0 in Romania richiede:<\/p>\n<ul data-start=\"4394\" data-end=\"4473\">\n<li data-start=\"4394\" data-end=\"4421\">\n<p data-start=\"4396\" data-end=\"4421\">meno passaggi burocratici<\/p>\n<\/li>\n<li data-start=\"4422\" data-end=\"4445\">\n<p data-start=\"4424\" data-end=\"4445\">tempistiche pi\u00f9 brevi<\/p>\n<\/li>\n<li data-start=\"4446\" data-end=\"4473\">\n<p data-start=\"4448\" data-end=\"4473\">minore rigidit\u00e0 normativa<\/p>\n<\/li>\n<\/ul>\n<p data-start=\"4475\" data-end=\"4586\">Questo consente all\u2019imprenditore di <strong data-start=\"4511\" data-end=\"4540\">concentrarsi sul business<\/strong>, anzich\u00e9 perdersi in procedure interminabili.<\/p>\n<hr data-start=\"4588\" data-end=\"4591\" \/>\n<h2 data-start=\"4593\" data-end=\"4628\">Accesso al mercato unico europeo<\/h2>\n<p data-start=\"4630\" data-end=\"4763\">Un aspetto spesso sottovalutato \u00e8 che <strong data-start=\"4668\" data-end=\"4762\">aprire una societ\u00e0 in Romania significa operare pienamente all\u2019interno dell\u2019Unione Europea<\/strong>.<\/p>\n<p data-start=\"4765\" data-end=\"4778\">Ci\u00f2 comporta:<\/p>\n<ul data-start=\"4779\" data-end=\"4958\">\n<li data-start=\"4779\" data-end=\"4818\">\n<p data-start=\"4781\" data-end=\"4818\">libera circolazione di beni e servizi<\/p>\n<\/li>\n<li data-start=\"4819\" data-end=\"4845\">\n<p data-start=\"4821\" data-end=\"4845\">accesso al mercato unico<\/p>\n<\/li>\n<li data-start=\"4846\" data-end=\"4909\">\n<p data-start=\"4848\" data-end=\"4909\">possibilit\u00e0 di lavorare con clienti e fornitori in tutta l\u2019UE<\/p>\n<\/li>\n<li data-start=\"4910\" data-end=\"4958\">\n<p data-start=\"4912\" data-end=\"4958\">riconoscimento giuridico europeo della societ\u00e0<\/p>\n<\/li>\n<\/ul>\n<p data-start=\"4960\" data-end=\"5083\">La Romania offre quindi il vantaggio di un Paese a basso costo <strong data-start=\"5023\" data-end=\"5082\">senza rinunciare alle tutele e alle opportunit\u00e0 europee<\/strong>.<\/p>\n<hr data-start=\"5085\" data-end=\"5088\" \/>\n<h2 data-start=\"5090\" data-end=\"5136\">Un ecosistema imprenditoriale in espansione<\/h2>\n<p data-start=\"5138\" data-end=\"5184\">Negli ultimi anni la Romania ha visto nascere:<\/p>\n<ul data-start=\"5185\" data-end=\"5276\">\n<li data-start=\"5185\" data-end=\"5202\">\n<p data-start=\"5187\" data-end=\"5202\">hub tecnologici<\/p>\n<\/li>\n<li data-start=\"5203\" data-end=\"5223\">\n<p data-start=\"5205\" data-end=\"5223\">startup innovative<\/p>\n<\/li>\n<li data-start=\"5224\" data-end=\"5244\">\n<p data-start=\"5226\" data-end=\"5244\">poli IT e digitali<\/p>\n<\/li>\n<li data-start=\"5245\" data-end=\"5276\">\n<p data-start=\"5247\" data-end=\"5276\">distretti industriali moderni<\/p>\n<\/li>\n<\/ul>\n<p data-start=\"5278\" data-end=\"5412\">Aprire una societ\u00e0 in Romania oggi significa inserirsi in un ecosistema dinamico, giovane e aperto all\u2019innovazione, dove \u00e8 pi\u00f9 facile:<\/p>\n<ul data-start=\"5413\" data-end=\"5485\">\n<li data-start=\"5413\" data-end=\"5439\">\n<p data-start=\"5415\" data-end=\"5439\">stringere collaborazioni<\/p>\n<\/li>\n<li data-start=\"5440\" data-end=\"5457\">\n<p data-start=\"5442\" data-end=\"5457\">trovare talenti<\/p>\n<\/li>\n<li data-start=\"5458\" data-end=\"5485\">\n<p data-start=\"5460\" data-end=\"5485\">sviluppare nuovi progetti<\/p>\n<\/li>\n<\/ul>\n<hr data-start=\"5487\" data-end=\"5490\" \/>\n<h2 data-start=\"5492\" data-end=\"5529\">Qualit\u00e0 della vita e fattore umano<\/h2>\n<p data-start=\"5531\" data-end=\"5641\">Un altro motivo spesso decisivo per cui conviene aprire una societ\u00e0 in Romania riguarda la qualit\u00e0 della vita.<\/p>\n<ul data-start=\"5643\" data-end=\"5785\">\n<li data-start=\"5643\" data-end=\"5671\">\n<p data-start=\"5645\" data-end=\"5671\">Costo della vita inferiore<\/p>\n<\/li>\n<li data-start=\"5672\" data-end=\"5710\">\n<p data-start=\"5674\" data-end=\"5710\">Grandi citt\u00e0 moderne e ben collegate<\/p>\n<\/li>\n<li data-start=\"5711\" data-end=\"5754\">\n<p data-start=\"5713\" data-end=\"5754\">Buon equilibrio tra lavoro e vita privata<\/p>\n<\/li>\n<li data-start=\"5755\" data-end=\"5785\">\n<p data-start=\"5757\" data-end=\"5785\">Ambiente generalmente sicuro<\/p>\n<\/li>\n<\/ul>\n<p data-start=\"5787\" data-end=\"5941\">Per imprenditori e professionisti che desiderano trasferirsi o passare lunghi periodi nel Paese, la Romania rappresenta una scelta concreta e sostenibile.<\/p>\n<hr data-start=\"5943\" data-end=\"5946\" \/>\n<h2 data-start=\"5948\" data-end=\"5991\">Stabilit\u00e0 normativa e prospettive future<\/h2>\n<p data-start=\"5993\" data-end=\"6164\">Nonostante sia ancora percepita come \u201cemergente\u201d da alcuni, la Romania ha mostrato negli anni una crescente <strong data-start=\"6101\" data-end=\"6124\">stabilit\u00e0 normativa<\/strong>, anche grazie all\u2019integrazione europea.<\/p>\n<p data-start=\"6166\" data-end=\"6219\">Le riforme fiscali e amministrative sono orientate a:<\/p>\n<ul data-start=\"6220\" data-end=\"6310\">\n<li data-start=\"6220\" data-end=\"6247\">\n<p data-start=\"6222\" data-end=\"6247\">favorire gli investimenti<\/p>\n<\/li>\n<li data-start=\"6248\" data-end=\"6273\">\n<p data-start=\"6250\" data-end=\"6273\">attrarre imprese estere<\/p>\n<\/li>\n<li data-start=\"6274\" data-end=\"6310\">\n<p data-start=\"6276\" data-end=\"6310\">semplificare la gestione aziendale<\/p>\n<\/li>\n<\/ul>\n<p data-start=\"6312\" data-end=\"6468\">Aprire una societ\u00e0 in Romania oggi significa quindi <strong data-start=\"6364\" data-end=\"6392\">posizionarsi in anticipo<\/strong> in un Paese che continuer\u00e0 a crescere e a rafforzarsi nel contesto europeo.<\/p>\n<hr data-start=\"6470\" data-end=\"6473\" \/>\n<h2 data-start=\"6475\" data-end=\"6550\">Perch\u00e9 sempre pi\u00f9 imprenditori scelgono di aprire una societ\u00e0 in Romania<\/h2>\n<p data-start=\"6552\" data-end=\"6616\">Riassumendo, aprire una societ\u00e0 in Romania \u00e8 conveniente perch\u00e9:<\/p>\n<ul data-start=\"6618\" data-end=\"6896\">\n<li data-start=\"6618\" data-end=\"6657\">\n<p data-start=\"6620\" data-end=\"6657\">\u00e8 un Paese UE con fiscalit\u00e0 leggera<\/p>\n<\/li>\n<li data-start=\"6658\" data-end=\"6701\">\n<p data-start=\"6660\" data-end=\"6701\">ha costi operativi e del lavoro ridotti<\/p>\n<\/li>\n<li data-start=\"6702\" data-end=\"6742\">\n<p data-start=\"6704\" data-end=\"6742\">offre buone competenze professionali<\/p>\n<\/li>\n<li data-start=\"6743\" data-end=\"6781\">\n<p data-start=\"6745\" data-end=\"6781\">presenta una burocrazia pi\u00f9 snella<\/p>\n<\/li>\n<li data-start=\"6782\" data-end=\"6823\">\n<p data-start=\"6784\" data-end=\"6823\">garantisce accesso al mercato europeo<\/p>\n<\/li>\n<li data-start=\"6824\" data-end=\"6857\">\n<p data-start=\"6826\" data-end=\"6857\">\u00e8 in forte crescita economica<\/p>\n<\/li>\n<li data-start=\"6858\" data-end=\"6896\">\n<p data-start=\"6860\" data-end=\"6896\">offre una buona qualit\u00e0 della vita<\/p>\n<\/li>\n<\/ul>\n<p data-start=\"6898\" data-end=\"7093\">Non si tratta di elusione o scorciatoie, ma di una <strong data-start=\"6949\" data-end=\"6982\">scelta strategica consapevole<\/strong>, sempre pi\u00f9 adottata da imprenditori moderni che vogliono costruire aziende solide, sostenibili e competitive.<\/p>\n<hr data-start=\"7095\" data-end=\"7098\" \/>\n<h2 data-start=\"7100\" data-end=\"7114\">Conclusione<\/h2>\n<p data-start=\"7116\" data-end=\"7437\">Aprire una societ\u00e0 in Romania oggi rappresenta una delle opzioni pi\u00f9 interessanti in Europa per chi desidera fare impresa in modo intelligente. Il Paese unisce i vantaggi di un\u2019economia in crescita alla sicurezza giuridica dell\u2019Unione Europea, offrendo condizioni che in molti altri Stati sono ormai difficili da trovare.<\/p>\n<p data-start=\"7439\" data-end=\"7615\">Per questo motivo, sempre pi\u00f9 persone guardano alla Romania non come a un\u2019alternativa di ripiego, ma come a una <strong data-start=\"7551\" data-end=\"7582\">vera opportunit\u00e0 strategica<\/strong> per il presente e per il futuro.<\/p>\n","protected":false},"excerpt":{"rendered":"<p>Perch\u00e9 aprire una societ\u00e0 in Romania oggi \u00e8 cos\u00ec conveniente Negli ultimi anni sempre pi\u00f9 imprenditori, professionisti e investitori europei stanno valutando seriamente l\u2019idea di aprire una societ\u00e0 in Romania. <a href=\"https:\/\/www.easybalkans.com\/it\/perche-aprire-una-societa-in-romania-oggi-e-cosi-conveniente\/\"> [&#8230;]<\/a><\/p>\n","protected":false},"author":18,"featured_media":6331,"parent":0,"menu_order":0,"comment_status":"closed","ping_status":"closed","template":"","meta":{"footnotes":""},"class_list":["post-6330","page","type-page","status-publish","has-post-thumbnail","hentry"],"yoast_head":"<!-- This site is optimized with the Yoast SEO plugin v27.3 - https:\/\/yoast.com\/product\/yoast-seo-wordpress\/ -->\n<title>Aprire una societ\u00e0 in Romania oggi<\/title>\n<meta name=\"robots\" content=\"index, follow, max-snippet:-1, max-image-preview:large, max-video-preview:-1\" \/>\n<link rel=\"canonical\" href=\"https:\/\/www.easybalkans.com\/it\/perche-aprire-una-societa-in-romania-oggi-e-cosi-conveniente\/\" \/>\n<meta name=\"twitter:card\" content=\"summary_large_image\" \/>\n<meta name=\"twitter:title\" content=\"Aprire una societ\u00e0 in Romania oggi\" \/>\n<meta name=\"twitter:description\" content=\"Perch\u00e9 aprire una societ\u00e0 in Romania oggi \u00e8 cos\u00ec conveniente Negli ultimi anni sempre pi\u00f9 imprenditori, professionisti e investitori europei stanno valutando seriamente l\u2019idea di aprire una societ\u00e0 in Romania. [...]\" \/>\n<meta name=\"twitter:image\" content=\"https:\/\/www.easybalkans.com\/it\/wp-content\/uploads\/2025\/12\/ChatGPT-Image-13-dic-2025-11_00_33.jpg\" \/>\n<meta name=\"twitter:label1\" content=\"Tempo di lettura stimato\" \/>\n\t<meta name=\"twitter:data1\" content=\"6 minuti\" \/>\n<script type=\"application\/ld+json\" class=\"yoast-schema-graph\">{\"@context\":\"https:\\\/\\\/schema.org\",\"@graph\":[{\"@type\":\"WebPage\",\"@id\":\"https:\\\/\\\/www.easybalkans.com\\\/it\\\/perche-aprire-una-societa-in-romania-oggi-e-cosi-conveniente\\\/\",\"url\":\"https:\\\/\\\/www.easybalkans.com\\\/it\\\/perche-aprire-una-societa-in-romania-oggi-e-cosi-conveniente\\\/\",\"name\":\"Aprire una societ\u00e0 in Romania oggi\",\"isPartOf\":{\"@id\":\"https:\\\/\\\/www.easybalkans.com\\\/it\\\/#website\"},\"primaryImageOfPage\":{\"@id\":\"https:\\\/\\\/www.easybalkans.com\\\/it\\\/perche-aprire-una-societa-in-romania-oggi-e-cosi-conveniente\\\/#primaryimage\"},\"image\":{\"@id\":\"https:\\\/\\\/www.easybalkans.com\\\/it\\\/perche-aprire-una-societa-in-romania-oggi-e-cosi-conveniente\\\/#primaryimage\"},\"thumbnailUrl\":\"https:\\\/\\\/www.easybalkans.com\\\/it\\\/wp-content\\\/uploads\\\/2025\\\/12\\\/ChatGPT-Image-13-dic-2025-11_00_33.jpg\",\"datePublished\":\"2025-12-13T10:01:26+00:00\",\"breadcrumb\":{\"@id\":\"https:\\\/\\\/www.easybalkans.com\\\/it\\\/perche-aprire-una-societa-in-romania-oggi-e-cosi-conveniente\\\/#breadcrumb\"},\"inLanguage\":\"it-IT\",\"potentialAction\":[{\"@type\":\"ReadAction\",\"target\":[\"https:\\\/\\\/www.easybalkans.com\\\/it\\\/perche-aprire-una-societa-in-romania-oggi-e-cosi-conveniente\\\/\"]}]},{\"@type\":\"ImageObject\",\"inLanguage\":\"it-IT\",\"@id\":\"https:\\\/\\\/www.easybalkans.com\\\/it\\\/perche-aprire-una-societa-in-romania-oggi-e-cosi-conveniente\\\/#primaryimage\",\"url\":\"https:\\\/\\\/www.easybalkans.com\\\/it\\\/wp-content\\\/uploads\\\/2025\\\/12\\\/ChatGPT-Image-13-dic-2025-11_00_33.jpg\",\"contentUrl\":\"https:\\\/\\\/www.easybalkans.com\\\/it\\\/wp-content\\\/uploads\\\/2025\\\/12\\\/ChatGPT-Image-13-dic-2025-11_00_33.jpg\",\"width\":800,\"height\":533,\"caption\":\"perche aprire societ\u00e0 in romania\"},{\"@type\":\"BreadcrumbList\",\"@id\":\"https:\\\/\\\/www.easybalkans.com\\\/it\\\/perche-aprire-una-societa-in-romania-oggi-e-cosi-conveniente\\\/#breadcrumb\",\"itemListElement\":[{\"@type\":\"ListItem\",\"position\":1,\"name\":\"Home\",\"item\":\"https:\\\/\\\/www.easybalkans.com\\\/it\\\/\"},{\"@type\":\"ListItem\",\"position\":2,\"name\":\"Perch\u00e8 aprire una societ\u00e0 in romania oggi \u00e8 cos\u00ec conveniente\"}]},{\"@type\":\"WebSite\",\"@id\":\"https:\\\/\\\/www.easybalkans.com\\\/it\\\/#website\",\"url\":\"https:\\\/\\\/www.easybalkans.com\\\/it\\\/\",\"name\":\"Easy Balkans | Consulenza in Internazionalizzazione e Delocalizzazione nei Balcani\",\"description\":\"Consulenza in Internazionalizzazione e Delocalizzazione nei Balcani\",\"potentialAction\":[{\"@type\":\"SearchAction\",\"target\":{\"@type\":\"EntryPoint\",\"urlTemplate\":\"https:\\\/\\\/www.easybalkans.com\\\/it\\\/?s={search_term_string}\"},\"query-input\":{\"@type\":\"PropertyValueSpecification\",\"valueRequired\":true,\"valueName\":\"search_term_string\"}}],\"inLanguage\":\"it-IT\"}]}<\/script>\n<!-- \/ Yoast SEO plugin. -->","yoast_head_json":{"title":"Aprire una societ\u00e0 in Romania oggi","robots":{"index":"index","follow":"follow","max-snippet":"max-snippet:-1","max-image-preview":"max-image-preview:large","max-video-preview":"max-video-preview:-1"},"canonical":"https:\/\/www.easybalkans.com\/it\/perche-aprire-una-societa-in-romania-oggi-e-cosi-conveniente\/","twitter_card":"summary_large_image","twitter_title":"Aprire una societ\u00e0 in Romania oggi","twitter_description":"Perch\u00e9 aprire una societ\u00e0 in Romania oggi \u00e8 cos\u00ec conveniente Negli ultimi anni sempre pi\u00f9 imprenditori, professionisti e investitori europei stanno valutando seriamente l\u2019idea di aprire una societ\u00e0 in Romania. [...]","twitter_image":"https:\/\/www.easybalkans.com\/it\/wp-content\/uploads\/2025\/12\/ChatGPT-Image-13-dic-2025-11_00_33.jpg","twitter_misc":{"Tempo di lettura stimato":"6 minuti"},"schema":{"@context":"https:\/\/schema.org","@graph":[{"@type":"WebPage","@id":"https:\/\/www.easybalkans.com\/it\/perche-aprire-una-societa-in-romania-oggi-e-cosi-conveniente\/","url":"https:\/\/www.easybalkans.com\/it\/perche-aprire-una-societa-in-romania-oggi-e-cosi-conveniente\/","name":"Aprire una societ\u00e0 in Romania oggi","isPartOf":{"@id":"https:\/\/www.easybalkans.com\/it\/#website"},"primaryImageOfPage":{"@id":"https:\/\/www.easybalkans.com\/it\/perche-aprire-una-societa-in-romania-oggi-e-cosi-conveniente\/#primaryimage"},"image":{"@id":"https:\/\/www.easybalkans.com\/it\/perche-aprire-una-societa-in-romania-oggi-e-cosi-conveniente\/#primaryimage"},"thumbnailUrl":"https:\/\/www.easybalkans.com\/it\/wp-content\/uploads\/2025\/12\/ChatGPT-Image-13-dic-2025-11_00_33.jpg","datePublished":"2025-12-13T10:01:26+00:00","breadcrumb":{"@id":"https:\/\/www.easybalkans.com\/it\/perche-aprire-una-societa-in-romania-oggi-e-cosi-conveniente\/#breadcrumb"},"inLanguage":"it-IT","potentialAction":[{"@type":"ReadAction","target":["https:\/\/www.easybalkans.com\/it\/perche-aprire-una-societa-in-romania-oggi-e-cosi-conveniente\/"]}]},{"@type":"ImageObject","inLanguage":"it-IT","@id":"https:\/\/www.easybalkans.com\/it\/perche-aprire-una-societa-in-romania-oggi-e-cosi-conveniente\/#primaryimage","url":"https:\/\/www.easybalkans.com\/it\/wp-content\/uploads\/2025\/12\/ChatGPT-Image-13-dic-2025-11_00_33.jpg","contentUrl":"https:\/\/www.easybalkans.com\/it\/wp-content\/uploads\/2025\/12\/ChatGPT-Image-13-dic-2025-11_00_33.jpg","width":800,"height":533,"caption":"perche aprire societ\u00e0 in romania"},{"@type":"BreadcrumbList","@id":"https:\/\/www.easybalkans.com\/it\/perche-aprire-una-societa-in-romania-oggi-e-cosi-conveniente\/#breadcrumb","itemListElement":[{"@type":"ListItem","position":1,"name":"Home","item":"https:\/\/www.easybalkans.com\/it\/"},{"@type":"ListItem","position":2,"name":"Perch\u00e8 aprire una societ\u00e0 in romania oggi \u00e8 cos\u00ec conveniente"}]},{"@type":"WebSite","@id":"https:\/\/www.easybalkans.com\/it\/#website","url":"https:\/\/www.easybalkans.com\/it\/","name":"Easy Balkans | Consulenza in Internazionalizzazione e Delocalizzazione nei Balcani","description":"Consulenza in Internazionalizzazione e Delocalizzazione nei Balcani","potentialAction":[{"@type":"SearchAction","target":{"@type":"EntryPoint","urlTemplate":"https:\/\/www.easybalkans.com\/it\/?s={search_term_string}"},"query-input":{"@type":"PropertyValueSpecification","valueRequired":true,"valueName":"search_term_string"}}],"inLanguage":"it-IT"}]}},"_links":{"self":[{"href":"https:\/\/www.easybalkans.com\/it\/wp-json\/wp\/v2\/pages\/6330","targetHints":{"allow":["GET"]}}],"collection":[{"href":"https:\/\/www.easybalkans.com\/it\/wp-json\/wp\/v2\/pages"}],"about":[{"href":"https:\/\/www.easybalkans.com\/it\/wp-json\/wp\/v2\/types\/page"}],"author":[{"embeddable":true,"href":"https:\/\/www.easybalkans.com\/it\/wp-json\/wp\/v2\/users\/18"}],"replies":[{"embeddable":true,"href":"https:\/\/www.easybalkans.com\/it\/wp-json\/wp\/v2\/comments?post=6330"}],"version-history":[{"count":1,"href":"https:\/\/www.easybalkans.com\/it\/wp-json\/wp\/v2\/pages\/6330\/revisions"}],"predecessor-version":[{"id":6332,"href":"https:\/\/www.easybalkans.com\/it\/wp-json\/wp\/v2\/pages\/6330\/revisions\/6332"}],"wp:featuredmedia":[{"embeddable":true,"href":"https:\/\/www.easybalkans.com\/it\/wp-json\/wp\/v2\/media\/6331"}],"wp:attachment":[{"href":"https:\/\/www.easybalkans.com\/it\/wp-json\/wp\/v2\/media?parent=6330"}],"curies":[{"name":"wp","href":"https:\/\/api.w.org\/{rel}","templated":true}]}}